{"id":18346,"date":"2026-04-07T22:41:33","date_gmt":"2026-04-07T22:41:33","guid":{"rendered":"https:\/\/mironiks.com\/product\/kopiyadzerkalo-stone-u-formi-nepravylnogo-kola-z-fonovoyu-led-pidsvitkoyu-2\/"},"modified":"2026-04-07T22:41:40","modified_gmt":"2026-04-07T22:41:40","slug":"kopiyadzerkalo-stone-u-formi-nepravylnogo-kola-z-fonovoyu-led-pidsvitkoyu-2","status":"publish","type":"product","link":"https:\/\/mironiks.com\/pl\/produkt\/kopiyadzerkalo-stone-u-formi-nepravylnogo-kola-z-fonovoyu-led-pidsvitkoyu-2\/","title":{"rendered":"(\u041a\u043e\u043f\u0456\u044f)\u0414\u0437\u0435\u0440\u043a\u0430\u043b\u043e &#8220;Stone&#8221; \u0443 \u0444\u043e\u0440\u043c\u0456 \u043d\u0435\u043f\u0440\u0430\u0432\u0438\u043b\u044c\u043d\u043e\u0433\u043e \u043a\u043e\u043b\u0430 \u0437 \u0444\u043e\u043d\u043e\u0432\u043e\u044e LED-\u043f\u0456\u0434\u0441\u0432\u0456\u0442\u043a\u043e\u044e"},"content":{"rendered":"<h2>\u0414\u0437\u0435\u0440\u043a\u0430\u043b\u043e &#8220;Stone&#8221; \u0443 \u0444\u043e\u0440\u043c\u0456 \u043d\u0435\u043f\u0440\u0430\u0432\u0438\u043b\u044c\u043d\u043e\u0433\u043e \u043a\u043e\u043b\u0430 \u0437 \u0444\u043e\u043d\u043e\u0432\u043e\u044e LED-\u043f\u0456\u0434\u0441\u0432\u0456\u0442\u043a\u043e\u044e<\/h2>\n<p><strong>\u0414\u0437\u0435\u0440\u043a\u0430\u043b\u043e &#8220;Stone&#8221; \u0443 \u0444\u043e\u0440\u043c\u0456 \u043d\u0435\u043f\u0440\u0430\u0432\u0438\u043b\u044c\u043d\u043e\u0433\u043e \u043a\u043e\u043b\u0430 \u0437 \u0444\u043e\u043d\u043e\u0432\u043e\u044e LED-\u043f\u0456\u0434\u0441\u0432\u0456\u0442\u043a\u043e\u044e<\/strong> - to po\u0142\u0105czenie nowoczesnej estetyki, przemy\u015blanego wzornictwa i wysokiej jako\u015bci materia\u0142\u00f3w, stworzone z my\u015bl\u0105 o wygodnym codziennym u\u017cytkowaniu. <strong>przestrzenie mieszkalne i komercyjne<\/strong>.<\/p>\n<h3>Atmosferyczne i funkcjonalne rozwi\u0105zanie<\/h3>\n<p>Lustro zapewnia <strong>Mi\u0119kkie o\u015bwietlenie LED w tle<\/strong>, kt\u00f3re r\u00f3wnomiernie o\u015bwietlaj\u0105 przestrze\u0144 i tworz\u0105 <strong>komfortowa atmosfera bez ostrych cieni<\/strong>, \u043f\u0456\u0434\u043a\u0440\u0435\u0441\u043b\u044e\u044e\u0447\u0438 \u043f\u0440\u0438\u0440\u043e\u0434\u043d\u0443 \u0444\u043e\u0440\u043c\u0443 \u043c\u043e\u0434\u0435\u043b\u0456 Stone.<\/p>\n<h3>Bezpieczna \u015bciereczka do luster<\/h3>\n<p>U\u017cywany przez. <strong>tkanina lustrzana na bazie srebra od belgijskiego producenta AGC<\/strong> bez dodatku miedzi i o\u0142owiu. Gwarantuje to <strong>czytelny wy\u015bwietlacz, przyjazno\u015b\u0107 dla \u015brodowiska i pe\u0142ne bezpiecze\u0144stwo<\/strong> do u\u017cytku w \u0142azienkach i pomieszczeniach mieszkalnych.<\/p>\n<h3>Wytrzyma\u0142a konstrukcja i ultrasmuk\u0142y profil<\/h3>\n<p>Podstaw\u0105 lustra jest <strong>odporny na wilgo\u0107 materia\u0142 PVC<\/strong>, kt\u00f3ra umo\u017cliwia tworzenie <strong>ultracienka konstrukcja o grubo\u015bci do 25 mm<\/strong>. Lustro <strong>nie odkszta\u0142ca si\u0119 z up\u0142ywem czasu<\/strong> i zachowuje estetyczny wygl\u0105d nawet w warunkach wysokiej wilgotno\u015bci.<\/p>\n<h3>Niezawodna technologia LED<\/h3>\n<p>Pod\u015bwietlenie LED jest zasilane przez <strong>bezpieczne napi\u0119cie 12 V<\/strong> i zaprojektowany na okres u\u017cytkowania do <strong>50 000 godzin stabilnej pracy<\/strong>.<\/p>\n<h3>Wyko\u0144czenie i pakowanie<\/h3>\n<p>Kraw\u0119dzie lustra przechodz\u0105 <strong>profesjonalna obr\u00f3bka pod k\u0105tem 45\u00b0 i 90\u00b0<\/strong>, kt\u00f3ry przewiduje <strong>bezpiecze\u0144stwo i schludny wygl\u0105d<\/strong>. Zestaw zawiera <strong>zamontowa\u0107 i pod\u0142\u0105czy\u0107, aby sprawdzi\u0107 dzia\u0142anie po otrzymaniu<\/strong>.<\/p>\n<h3>Indywidualna produkcja i dostawa<\/h3>\n<p>Mironiks produkuje lustra <strong>indywidualnie na zam\u00f3wienie<\/strong> z mo\u017cliwo\u015bci\u0105 wyboru rozmiaru i konfiguracji. Aby zapewni\u0107 bezpieczny transport, ka\u017cdy produkt <strong>zapakowany w drewnian\u0105 ram\u0119<\/strong>.<\/p>\n<p><strong>\u0414\u0437\u0435\u0440\u043a\u0430\u043b\u043e &#8220;Stone&#8221; \u0443 \u0444\u043e\u0440\u043c\u0456 \u043d\u0435\u043f\u0440\u0430\u0432\u0438\u043b\u044c\u043d\u043e\u0433\u043e \u043a\u043e\u043b\u0430 \u0437 \u0444\u043e\u043d\u043e\u0432\u043e\u044e LED-\u043f\u0456\u0434\u0441\u0432\u0456\u0442\u043a\u043e\u044e<\/strong> - jest funkcjonalnym akcentem, kt\u00f3ry <strong>podkre\u015bla przestrze\u0144<\/strong> oraz <strong>dodaje wn\u0119trzu kompletno\u015bci<\/strong>.<\/p>","protected":false},"excerpt":{"rendered":"<p>\u0414\u0437\u0435\u0440\u043a\u0430\u043b\u043e &#8220;Stone&#8221; \u0443 \u0444\u043e\u0440\u043c\u0456 \u043d\u0435\u043f\u0440\u0430\u0432\u0438\u043b\u044c\u043d\u043e\u0433\u043e \u043a\u043e\u043b\u0430 \u0437 \u0444\u043e\u043d\u043e\u0432\u043e\u044e LED-\u043f\u0456\u0434\u0441\u0432\u0456\u0442\u043a\u043e\u044e \u0414\u0437\u0435\u0440\u043a\u0430\u043b\u043e &#8220;Stone&#8221; \u0443 \u0444\u043e\u0440\u043c\u0456 \u043d\u0435\u043f\u0440\u0430\u0432\u0438\u043b\u044c\u043d\u043e\u0433\u043e \u043a\u043e\u043b\u0430 \u0437 \u0444\u043e\u043d\u043e\u0432\u043e\u044e LED-\u043f\u0456\u0434\u0441\u0432\u0456\u0442\u043a\u043e\u044e \u2014 \u0446\u0435<\/p>","protected":false},"featured_media":0,"comment_status":"closed","ping_status":"open","template":"","meta":{"_acf_changed":false},"product_brand":[],"product_cat":[],"product_tag":[],"class_list":{"0":"post-18346","1":"product","2":"type-product","3":"status-publish","5":"pa_kolir-pidsvitky-holodnyj-7000-7500-k","6":"pa_kolir-pidsvitky-nejtralnyj-4000-4500-k","7":"pa_kolir-pidsvitky-teplyj-2700-3200-k","8":"pa_nayavnist-linzy-ni","9":"pa_nayavnist-polyczi-ni","10":"pa_nayavnist-vylky-tak","11":"pa_rozmir-shyryna-159","12":"pa_rozmir-shyryna-174","13":"pa_rozmir-shyryna-212","14":"pa_rozmir-shyryna-203","15":"pa_rozmir-shyryna-220","16":"pa_rozmir-vysota-160","17":"pa_rozmir-vysota-175","18":"pa_rozmir-vysota-205","19":"pa_rozmir-vysota-213","20":"pa_rozmir-vysota-178","21":"pa_typ-lampy-svitylnyka-svitodioidna","22":"pa_typ-vymykacha-vidsutnij","23":"pa_typ-vymykacha-mehanichna-knopka","24":"pa_typ-vymykacha-sensorna-knopka","25":"pa_zhyvlennya-vid-merezhi-zminnogo-strumu-220-v","27":"first","28":"instock","29":"purchasable","30":"product-type-variable"},"acf":[],"_links":{"self":[{"href":"https:\/\/mironiks.com\/pl\/wp-json\/wp\/v2\/product\/18346","targetHints":{"allow":["GET"]}}],"collection":[{"href":"https:\/\/mironiks.com\/pl\/wp-json\/wp\/v2\/product"}],"about":[{"href":"https:\/\/mironiks.com\/pl\/wp-json\/wp\/v2\/types\/product"}],"replies":[{"embeddable":true,"href":"https:\/\/mironiks.com\/pl\/wp-json\/wp\/v2\/comments?post=18346"}],"wp:attachment":[{"href":"https:\/\/mironiks.com\/pl\/wp-json\/wp\/v2\/media?parent=18346"}],"wp:term":[{"taxonomy":"product_brand","embeddable":true,"href":"https:\/\/mironiks.com\/pl\/wp-json\/wp\/v2\/product_brand?post=18346"},{"taxonomy":"product_cat","embeddable":true,"href":"https:\/\/mironiks.com\/pl\/wp-json\/wp\/v2\/product_cat?post=18346"},{"taxonomy":"product_tag","embeddable":true,"href":"https:\/\/mironiks.com\/pl\/wp-json\/wp\/v2\/product_tag?post=18346"}],"curies":[{"name":"wp","href":"https:\/\/api.w.org\/{rel}","templated":true}]}}