{"id":14751,"date":"2026-01-20T23:28:39","date_gmt":"2026-01-20T23:28:39","guid":{"rendered":"https:\/\/mironiks.com\/product\/ovalne-dzerkalo-mironiks-z-fonovo-frontalnoyu-led-pidsvitkoyu-500-x-800-2\/"},"modified":"2026-01-29T07:25:09","modified_gmt":"2026-01-29T07:25:09","slug":"ovalne-dzerkalo-mironiks-z-fonovo-frontalnoyu-led-pidsvitkoyu-500-x-800-2","status":"publish","type":"product","link":"https:\/\/mironiks.com\/pl\/produkt\/ovalne-dzerkalo-mironiks-z-fonovo-frontalnoyu-led-pidsvitkoyu-500-x-800-2\/","title":{"rendered":"Owalne lustro Mironiks z o\u015bwietleniem LED w tle i z przodu, 500 \u00d7 800"},"content":{"rendered":"<h2>\u041e\u0432\u0430\u043b\u044c\u043d\u0435 \u0434\u0437\u0435\u0440\u043a\u0430\u043b\u043e Mironiks \u0437 \u0444\u043e\u043d\u043e\u0432\u043e-\u0444\u0440\u043e\u043d\u0442\u0430\u043b\u044c\u043d\u043e\u044e LED-\u043f\u0456\u0434\u0441\u0432\u0456\u0442\u043a\u043e\u044e<\/h2>\n<p><strong>\u041e\u0432\u0430\u043b\u044c\u043d\u0435 \u0434\u0437\u0435\u0440\u043a\u0430\u043b\u043e Mironiks \u0437 \u0444\u043e\u043d\u043e\u0432\u043e-\u0444\u0440\u043e\u043d\u0442\u0430\u043b\u044c\u043d\u043e\u044e LED-\u043f\u0456\u0434\u0441\u0432\u0456\u0442\u043a\u043e\u044e<\/strong> - to po\u0142\u0105czenie nowoczesnej estetyki, przemy\u015blanego wzornictwa i wysokiej jako\u015bci materia\u0142\u00f3w, stworzone z my\u015bl\u0105 o wygodnym codziennym u\u017cytkowaniu. <strong>przestrzenie mieszkalne i komercyjne<\/strong>.<\/p>\n<h3>Atmosferyczne i funkcjonalne rozwi\u0105zanie<\/h3>\n<p>Lustro \u0142\u0105czy w sobie <strong>Mi\u0119kkie t\u0142o i wyra\u017ane przednie o\u015bwietlenie LED<\/strong>, \u0441\u0442\u0432\u043e\u0440\u044e\u044e\u0447\u0438 <strong>Jednolite o\u015bwietlenie \u0142\u0105czone<\/strong>, \u044f\u043a\u0430 \u043f\u0456\u0434\u043a\u0440\u0435\u0441\u043b\u044e\u0454 \u043f\u0440\u043e\u0441\u0442\u0456\u0440 \u0442\u0430 \u0437\u0430\u0431\u0435\u0437\u043f\u0435\u0447\u0443\u0454 \u043a\u043e\u043c\u0444\u043e\u0440\u0442\u043d\u0456 \u0443\u043c\u043e\u0432\u0438 \u0431\u0435\u0437 \u0440\u0456\u0437\u043a\u0438\u0445 \u0442\u0456\u043d\u0435\u0439, \u043c\u2019\u044f\u043a\u043e \u0430\u043a\u0446\u0435\u043d\u0442\u0443\u044e\u0447\u0438 \u0435\u043b\u0435\u0433\u0430\u043d\u0442\u043d\u0443 \u043e\u0432\u0430\u043b\u044c\u043d\u0443 \u0444\u043e\u0440\u043c\u0443.<\/p>\n<h3>Bezpieczna \u015bciereczka do luster<\/h3>\n<p>U\u017cywany przez. <strong>tkanina lustrzana na bazie srebra od belgijskiego producenta AGC<\/strong> bez dodatku miedzi i o\u0142owiu. Gwarantuje to <strong>czytelny wy\u015bwietlacz, przyjazno\u015b\u0107 dla \u015brodowiska i pe\u0142ne bezpiecze\u0144stwo<\/strong> do u\u017cytku w \u0142azienkach i pomieszczeniach mieszkalnych.<\/p>\n<h3>Wytrzyma\u0142a konstrukcja i ultrasmuk\u0142y profil<\/h3>\n<p>Podstaw\u0105 lustra jest <strong>odporny na wilgo\u0107 materia\u0142 PVC<\/strong>, kt\u00f3ra umo\u017cliwia tworzenie <strong>ultracienka konstrukcja o grubo\u015bci do 25 mm<\/strong>. Lustro <strong>nie odkszta\u0142ca si\u0119 z up\u0142ywem czasu<\/strong> i zachowuje estetyczny wygl\u0105d nawet w warunkach wysokiej wilgotno\u015bci.<\/p>\n<h3>Niezawodna technologia LED<\/h3>\n<p>Pod\u015bwietlenie LED jest zasilane przez <strong>bezpieczne napi\u0119cie 12 V<\/strong> i zaprojektowany na okres u\u017cytkowania do <strong>50 000 godzin stabilnej pracy<\/strong>.<\/p>\n<h3>Wyko\u0144czenie i pakowanie<\/h3>\n<p>Kraw\u0119dzie lustra przechodz\u0105 <strong>profesjonalna obr\u00f3bka pod k\u0105tem 45\u00b0 i 90\u00b0<\/strong>, kt\u00f3ry przewiduje <strong>bezpiecze\u0144stwo i schludny wygl\u0105d<\/strong>. Zestaw zawiera <strong>zamontowa\u0107 i pod\u0142\u0105czy\u0107, aby sprawdzi\u0107 dzia\u0142anie po otrzymaniu<\/strong>.<\/p>\n<h3>Indywidualna produkcja i dostawa<\/h3>\n<p>Mironiks produkuje lustra <strong>indywidualnie na zam\u00f3wienie<\/strong> z mo\u017cliwo\u015bci\u0105 wyboru rozmiaru i konfiguracji. Aby zapewni\u0107 bezpieczny transport, ka\u017cdy produkt <strong>zapakowany w drewnian\u0105 ram\u0119<\/strong>.<\/p>\n<p><strong>\u041e\u0432\u0430\u043b\u044c\u043d\u0435 \u0434\u0437\u0435\u0440\u043a\u0430\u043b\u043e Mironiks \u0437 \u0444\u043e\u043d\u043e\u0432\u043e-\u0444\u0440\u043e\u043d\u0442\u0430\u043b\u044c\u043d\u043e\u044e LED-\u043f\u0456\u0434\u0441\u0432\u0456\u0442\u043a\u043e\u044e<\/strong> - jest funkcjonalnym akcentem, kt\u00f3ry <strong>podkre\u015bla przestrze\u0144<\/strong> oraz <strong>dodaje wn\u0119trzu kompletno\u015bci<\/strong>.<\/p>","protected":false},"excerpt":{"rendered":"<p>\u041e\u0432\u0430\u043b\u044c\u043d\u0435 \u0434\u0437\u0435\u0440\u043a\u0430\u043b\u043e Mironiks \u0437 \u0444\u043e\u043d\u043e\u0432\u043e-\u0444\u0440\u043e\u043d\u0442\u0430\u043b\u044c\u043d\u043e\u044e LED-\u043f\u0456\u0434\u0441\u0432\u0456\u0442\u043a\u043e\u044e \u041e\u0432\u0430\u043b\u044c\u043d\u0435 \u0434\u0437\u0435\u0440\u043a\u0430\u043b\u043e Mironiks \u0437 \u0444\u043e\u043d\u043e\u0432\u043e-\u0444\u0440\u043e\u043d\u0442\u0430\u043b\u044c\u043d\u043e\u044e LED-\u043f\u0456\u0434\u0441\u0432\u0456\u0442\u043a\u043e\u044e \u2014 \u0446\u0435 \u043f\u043e\u0454\u0434\u043d\u0430\u043d\u043d\u044f \u0441\u0443\u0447\u0430\u0441\u043d\u043e\u0457 \u0435\u0441\u0442\u0435\u0442\u0438\u043a\u0438, \u043f\u0440\u043e\u0434\u0443\u043c\u0430\u043d\u043e\u0457 \u043a\u043e\u043d\u0441\u0442\u0440\u0443\u043a\u0446\u0456\u0457 \u0442\u0430<\/p>","protected":false},"featured_media":0,"comment_status":"closed","ping_status":"closed","template":"","meta":{"_acf_changed":false},"product_brand":[],"product_cat":[20,268],"product_tag":[],"class_list":{"0":"post-14751","1":"product","2":"type-product","3":"status-publish","5":"product_cat-ovalni","6":"product_cat-dvi-pidsvitky","7":"pa_kilkist-svitylnykiv-184","8":"pa_kolir-pidsvitky-holodnyj-7000-7500-k","9":"pa_kolir-pidsvitky-nejtralnyj-4000-4500-k","10":"pa_kolir-pidsvitky-teplyj-2700-3200-k","11":"pa_nayavnist-linzy-ni","12":"pa_nayavnist-polyczi-ni","13":"pa_nayavnist-vylky-tak","14":"pa_rozmir-shyryna-159","15":"pa_rozmir-vysota-181","16":"pa_roztashuvannya-pidsvitky-pozadu-dzerkala","17":"pa_tovshhyna-dzerkala-27-mm","18":"pa_typ-lampy-svitylnyka-svitodioidna","19":"pa_typ-svitylnyka-vbudovanyj","20":"pa_typ-vymykacha-vidsutnij","21":"pa_typ-vymykacha-mehanichna-knopka","22":"pa_typ-vymykacha-sensorna-knopka","23":"pa_zhyvlennya-vid-merezhi-zminnogo-strumu-220-v","25":"first","26":"instock","27":"purchasable","28":"product-type-variable"},"acf":[],"_links":{"self":[{"href":"https:\/\/mironiks.com\/pl\/wp-json\/wp\/v2\/product\/14751","targetHints":{"allow":["GET"]}}],"collection":[{"href":"https:\/\/mironiks.com\/pl\/wp-json\/wp\/v2\/product"}],"about":[{"href":"https:\/\/mironiks.com\/pl\/wp-json\/wp\/v2\/types\/product"}],"replies":[{"embeddable":true,"href":"https:\/\/mironiks.com\/pl\/wp-json\/wp\/v2\/comments?post=14751"}],"wp:attachment":[{"href":"https:\/\/mironiks.com\/pl\/wp-json\/wp\/v2\/media?parent=14751"}],"wp:term":[{"taxonomy":"product_brand","embeddable":true,"href":"https:\/\/mironiks.com\/pl\/wp-json\/wp\/v2\/product_brand?post=14751"},{"taxonomy":"product_cat","embeddable":true,"href":"https:\/\/mironiks.com\/pl\/wp-json\/wp\/v2\/product_cat?post=14751"},{"taxonomy":"product_tag","embeddable":true,"href":"https:\/\/mironiks.com\/pl\/wp-json\/wp\/v2\/product_tag?post=14751"}],"curies":[{"name":"wp","href":"https:\/\/api.w.org\/{rel}","templated":true}]}}