{"id":12763,"date":"2026-01-18T18:43:51","date_gmt":"2026-01-18T18:43:51","guid":{"rendered":"https:\/\/mironiks.com\/product\/krugle-dzerkalo-mironiks-z-fonovoyu-ta-frontalnoyu-led-pidsvitkoyu-yaki-vmykayutsya-okremo-500-x-500\/"},"modified":"2026-02-26T00:07:29","modified_gmt":"2026-02-26T00:07:29","slug":"krugle-dzerkalo-mironiks-z-fonovoyu-ta-frontalnoyu-led-pidsvitkoyu-yaki-vmykayutsya-okremo-500-x-500","status":"publish","type":"product","link":"https:\/\/mironiks.com\/pl\/produkt\/krugle-dzerkalo-mironiks-z-fonovoyu-ta-frontalnoyu-led-pidsvitkoyu-yaki-vmykayutsya-okremo-500-x-500\/","title":{"rendered":"\u041a\u0440\u0443\u0433\u043b\u0435 \u0434\u0437\u0435\u0440\u043a\u0430\u043b\u043e Mironiks \u0437 \u0444\u043e\u043d\u043e\u0432\u043e\u044e \u0442\u0430 \u0444\u0440\u043e\u043d\u0442\u0430\u043b\u044c\u043d\u043e\u044e LED-\u043f\u0456\u0434\u0441\u0432\u0456\u0442\u043a\u043e\u044e, \u044f\u043a\u0456 \u0432\u043c\u0438\u043a\u0430\u044e\u0442\u044c\u0441\u044f \u043e\u043a\u0440\u0435\u043c\u043e, 500 \u00d7 500"},"content":{"rendered":"<h2><b>\u041a\u0440\u0443\u0433\u043b\u0435 \u0434\u0437\u0435\u0440\u043a\u0430\u043b\u043e Mironiks \u0437 \u0444\u043e\u043d\u043e\u0432\u043e\u044e \u0442\u0430 \u0444\u0440\u043e\u043d\u0442\u0430\u043b\u044c\u043d\u043e\u044e LED-\u043f\u0456\u0434\u0441\u0432\u0456\u0442\u043a\u043e\u044e, \u044f\u043a\u0456 \u0432\u043c\u0438\u043a\u0430\u044e\u0442\u044c\u0441\u044f \u043e\u043a\u0440\u0435\u043c\u043e<\/b><\/h2>\n<p><span style=\"font-weight: 400;\">\u041a\u0440\u0443\u0433\u043b\u0435 \u0434\u0437\u0435\u0440\u043a\u0430\u043b\u043e Mironiks \u0437 \u0444\u043e\u043d\u043e\u0432\u043e\u044e \u0442\u0430 \u0444\u0440\u043e\u043d\u0442\u0430\u043b\u044c\u043d\u043e\u044e LED-\u043f\u0456\u0434\u0441\u0432\u0456\u0442\u043a\u043e\u044e, \u044f\u043a\u0456 \u0432\u043c\u0438\u043a\u0430\u044e\u0442\u044c\u0441\u044f \u043e\u043a\u0440\u0435\u043c\u043e \u2014 \u0446\u0435 \u043f\u043e\u0454\u0434\u043d\u0430\u043d\u043d\u044f \u0441\u0443\u0447\u0430\u0441\u043d\u043e\u0457 \u0435\u0441\u0442\u0435\u0442\u0438\u043a\u0438, \u043f\u0440\u043e\u0434\u0443\u043c\u0430\u043d\u043e\u0457 \u043a\u043e\u043d\u0441\u0442\u0440\u0443\u043a\u0446\u0456\u0457 \u0442\u0430 \u044f\u043a\u0456\u0441\u043d\u0438\u0445 \u043c\u0430\u0442\u0435\u0440\u0456\u0430\u043b\u0456\u0432, \u0441\u0442\u0432\u043e\u0440\u0435\u043d\u0435 \u0434\u043b\u044f \u043a\u043e\u043c\u0444\u043e\u0440\u0442\u043d\u043e\u0433\u043e \u0449\u043e\u0434\u0435\u043d\u043d\u043e\u0433\u043e \u0432\u0438\u043a\u043e\u0440\u0438\u0441\u0442\u0430\u043d\u043d\u044f \u0443 \u0436\u0438\u0442\u043b\u043e\u0432\u0438\u0445 \u0442\u0430 \u043a\u043e\u043c\u0435\u0440\u0446\u0456\u0439\u043d\u0438\u0445 \u043f\u0440\u043e\u0441\u0442\u043e\u0440\u0430\u0445.<\/span><span style=\"font-weight: 400;\"><br \/>\n<\/span><span style=\"font-weight: 400;\"><br \/>\n<\/span><b>Atmosferyczne i funkcjonalne rozwi\u0105zanie<\/b><span style=\"font-weight: 400;\"><br \/>\n<\/span><span style=\"font-weight: 400;\">W zale\u017cno\u015bci od konfiguracji, lustro zapewnia mi\u0119kkie t\u0142o, wyra\u017ane przednie lub po\u0142\u0105czone o\u015bwietlenie LED, kt\u00f3re r\u00f3wnomiernie o\u015bwietla przestrze\u0144 i tworzy komfortowe \u015brodowisko bez ostrych cieni.<\/span><span style=\"font-weight: 400;\"><br \/>\n<\/span><span style=\"font-weight: 400;\"><br \/>\n<\/span><b>Bezpieczna \u015bciereczka do luster<\/b><span style=\"font-weight: 400;\"><br \/>\n<\/span><span style=\"font-weight: 400;\">Zastosowana powierzchnia lustrzana to tkanina lustrzana na bazie srebra od belgijskiego producenta AGC bez dodatku miedzi i o\u0142owiu. Gwarantuje to wyra\u017ane odbicie, przyjazno\u015b\u0107 dla \u015brodowiska i pe\u0142ne bezpiecze\u0144stwo u\u017cytkowania w \u0142azienkach i pomieszczeniach mieszkalnych.<\/span><span style=\"font-weight: 400;\"><br \/>\n<\/span><span style=\"font-weight: 400;\"><br \/>\n<\/span><b>Wytrzyma\u0142a konstrukcja i ultrasmuk\u0142y profil<\/b><span style=\"font-weight: 400;\"><br \/>\n<\/span><span style=\"font-weight: 400;\">Podstaw\u0105 lustra jest odporny na wilgo\u0107 materia\u0142 PVC, kt\u00f3ry pozwala na stworzenie ultracienkiej struktury o grubo\u015bci do 25 mm. Lustro nie odkszta\u0142ca si\u0119 z up\u0142ywem czasu i zachowuje estetyczny wygl\u0105d nawet w warunkach wysokiej wilgotno\u015bci.<\/span><span style=\"font-weight: 400;\"><br \/>\n<\/span><span style=\"font-weight: 400;\"><br \/>\n<\/span><b>Niezawodna technologia LED<\/b><span style=\"font-weight: 400;\"><br \/>\n<\/span><span style=\"font-weight: 400;\">Pod\u015bwietlenie LED dzia\u0142a na bezpiecznym napi\u0119ciu 12 V i jest zaprojektowane tak, aby wytrzyma\u0107 do 50 000 godzin stabilnej pracy.<\/span><span style=\"font-weight: 400;\"><br \/>\n<\/span><span style=\"font-weight: 400;\"><br \/>\n<\/span><b>Wyko\u0144czenie i pakowanie<\/b><span style=\"font-weight: 400;\"><br \/>\n<\/span><span style=\"font-weight: 400;\">Kraw\u0119dzie lustra s\u0105 profesjonalnie obrobione pod k\u0105tem 45\u00b0 i 90\u00b0, aby zapewni\u0107 bezpiecze\u0144stwo i schludny wygl\u0105d. Zestaw zawiera mocowanie i wtyczk\u0119 do sprawdzenia dzia\u0142ania po otrzymaniu.<\/span><span style=\"font-weight: 400;\"><br \/>\n<\/span><span style=\"font-weight: 400;\"><br \/>\n<\/span><b>Indywidualna produkcja i dostawa<\/b><span style=\"font-weight: 400;\"><br \/>\n<\/span><span style=\"font-weight: 400;\">Mironiks produkuje lustra indywidualnie na zam\u00f3wienie z mo\u017cliwo\u015bci\u0105 wyboru rozmiaru i wyposa\u017cenia. Ka\u017cdy produkt jest zapakowany w drewnian\u0105 ram\u0119 dla bezpiecznego transportu.<\/span><span style=\"font-weight: 400;\"><br \/>\n<\/span><span style=\"font-weight: 400;\"><br \/>\n<\/span><span style=\"font-weight: 400;\">\u041a\u0440\u0443\u0433\u043b\u0435 \u0434\u0437\u0435\u0440\u043a\u0430\u043b\u043e Mironiks \u0437 \u0444\u043e\u043d\u043e\u0432\u043e\u044e \u0442\u0430 \u0444\u0440\u043e\u043d\u0442\u0430\u043b\u044c\u043d\u043e\u044e LED-\u043f\u0456\u0434\u0441\u0432\u0456\u0442\u043a\u043e\u044e \u044f\u043a\u0456 \u0432\u043c\u0438\u043a\u0430\u044e\u0442\u044c\u0441\u044f \u043e\u043a\u0440\u0435\u043c\u043e \u2014 \u0446\u0435 \u0444\u0443\u043d\u043a\u0446\u0456\u043e\u043d\u0430\u043b\u044c\u043d\u0438\u0439 \u0430\u043a\u0446\u0435\u043d\u0442, \u044f\u043a\u0438\u0439 \u043f\u0456\u0434\u043a\u0440\u0435\u0441\u043b\u044e\u0454 \u043f\u0440\u043e\u0441\u0442\u0456\u0440 \u0442\u0430 \u0434\u043e\u0434\u0430\u0454 \u0456\u043d\u0442\u0435\u0440\u2019\u0454\u0440\u0443 \u0437\u0430\u0432\u0435\u0440\u0448\u0435\u043d\u043e\u0441\u0442\u0456.<\/span><\/p>\n<p>&nbsp;<\/p>","protected":false},"excerpt":{"rendered":"<p>\u041a\u0440\u0443\u0433\u043b\u0435 \u0434\u0437\u0435\u0440\u043a\u0430\u043b\u043e Mironiks \u0437 \u0444\u043e\u043d\u043e\u0432\u043e\u044e \u0442\u0430 \u0444\u0440\u043e\u043d\u0442\u0430\u043b\u044c\u043d\u043e\u044e LED-\u043f\u0456\u0434\u0441\u0432\u0456\u0442\u043a\u043e\u044e, \u044f\u043a\u0456 \u0432\u043c\u0438\u043a\u0430\u044e\u0442\u044c\u0441\u044f \u043e\u043a\u0440\u0435\u043c\u043e \u041a\u0440\u0443\u0433\u043b\u0435 \u0434\u0437\u0435\u0440\u043a\u0430\u043b\u043e Mironiks \u0437 \u0444\u043e\u043d\u043e\u0432\u043e\u044e \u0442\u0430 \u0444\u0440\u043e\u043d\u0442\u0430\u043b\u044c\u043d\u043e\u044e LED-\u043f\u0456\u0434\u0441\u0432\u0456\u0442\u043a\u043e\u044e, \u044f\u043a\u0456<\/p>","protected":false},"featured_media":0,"comment_status":"closed","ping_status":"closed","template":"","meta":{"_acf_changed":false},"product_brand":[],"product_cat":[21],"product_tag":[],"class_list":{"0":"post-12763","1":"product","2":"type-product","3":"status-publish","5":"product_cat-krugli","6":"pa_kilkist-svitylnykiv-164","7":"pa_kolir-pidsvitky-holodnyj-7000-7500-k","8":"pa_kolir-pidsvitky-nejtralnyj-4000-4500-k","9":"pa_kolir-pidsvitky-teplyj-2700-3200-k","10":"pa_nayavnist-linzy-ni","11":"pa_nayavnist-polyczi-ni","12":"pa_nayavnist-vylky-tak","13":"pa_rozmir-shyryna-159","14":"pa_rozmir-vysota-160","15":"pa_roztashuvannya-pidsvitky-pozadu-dzerkala","16":"pa_tovshhyna-dzerkala-25-mm","17":"pa_typ-lampy-svitylnyka-svitodioidna","18":"pa_typ-svitylnyka-vbudovanyj","19":"pa_typ-vymykacha-vidsutnij","20":"pa_typ-vymykacha-mehanichna-knopka","21":"pa_typ-vymykacha-sensorna-knopka","22":"pa_zhyvlennya-vid-merezhi-zminnogo-strumu-220-v","24":"first","25":"instock","26":"purchasable","27":"product-type-variable"},"acf":[],"_links":{"self":[{"href":"https:\/\/mironiks.com\/pl\/wp-json\/wp\/v2\/product\/12763","targetHints":{"allow":["GET"]}}],"collection":[{"href":"https:\/\/mironiks.com\/pl\/wp-json\/wp\/v2\/product"}],"about":[{"href":"https:\/\/mironiks.com\/pl\/wp-json\/wp\/v2\/types\/product"}],"replies":[{"embeddable":true,"href":"https:\/\/mironiks.com\/pl\/wp-json\/wp\/v2\/comments?post=12763"}],"wp:attachment":[{"href":"https:\/\/mironiks.com\/pl\/wp-json\/wp\/v2\/media?parent=12763"}],"wp:term":[{"taxonomy":"product_brand","embeddable":true,"href":"https:\/\/mironiks.com\/pl\/wp-json\/wp\/v2\/product_brand?post=12763"},{"taxonomy":"product_cat","embeddable":true,"href":"https:\/\/mironiks.com\/pl\/wp-json\/wp\/v2\/product_cat?post=12763"},{"taxonomy":"product_tag","embeddable":true,"href":"https:\/\/mironiks.com\/pl\/wp-json\/wp\/v2\/product_tag?post=12763"}],"curies":[{"name":"wp","href":"https:\/\/api.w.org\/{rel}","templated":true}]}}