{"id":12893,"date":"2026-01-18T19:18:34","date_gmt":"2026-01-18T19:18:34","guid":{"rendered":"https:\/\/mironiks.com\/product\/pryamokutne-dzerkalo-mironiks-z-fonovoyu-i-frontalnoyu-led-pidsvitkoyu-yaki-vmykayutsya-okremo-500-x-800\/"},"modified":"2026-01-25T20:57:30","modified_gmt":"2026-01-25T20:57:30","slug":"pryamokutne-dzerkalo-mironiks-z-fonovoy-y-frontalnoy-led-pidsvitkoy-yaki-vmykayutsya-okremo-500-x-800","status":"publish","type":"product","link":"https:\/\/mironiks.com\/es\/producto\/pryamokutne-dzerkalo-mironiks-z-fonovoy-y-frontalnoy-led-pidsvitkoy-yaki-vmykayutsya-okremo-500-x-800\/","title":{"rendered":"Espejo rectangular Mironiks con iluminaci\u00f3n LED de fondo y frontal, que se encienden por separado, 500 \u00d7 800"},"content":{"rendered":"<h2>Espejo rectangular Mironiks con iluminaci\u00f3n LED de fondo y frontal, que puede encenderse por separado<\/h2>\n<p><strong>Espejo rectangular Mironiks con iluminaci\u00f3n LED de fondo y frontal, que puede encenderse por separado<\/strong> - es una combinaci\u00f3n de est\u00e9tica moderna, dise\u00f1o cuidado y materiales de calidad, creada para un uso diario c\u00f3modo en <strong>espacios residenciales y comerciales<\/strong>.<\/p>\n<h3>Soluci\u00f3n atmosf\u00e9rica y funcional<\/h3>\n<p>Seg\u00fan la configuraci\u00f3n, el espejo proporciona <strong>iluminaci\u00f3n LED de fondo suave, frontal clara o combinada<\/strong>, que ilumina uniformemente el espacio y crea un <strong>condiciones confortables sin sombras duras<\/strong>.<\/p>\n<h3>Pa\u00f1o espejo seguro<\/h3>\n<p>Utilizado por. <strong>tejido de espejo a base de plata del fabricante belga AGC<\/strong> sin adici\u00f3n de cobre y plomo. Esto garantiza <strong>visualizaci\u00f3n clara, respeto del medio ambiente y seguridad total<\/strong> para su uso en cuartos de ba\u00f1o y salas de estar.<\/p>\n<h3>Dise\u00f1o robusto y perfil ultrafino<\/h3>\n<p>La base del espejo es <strong>material de PVC resistente a la humedad<\/strong>, que permite crear <strong>dise\u00f1o ultrafino con un grosor de hasta 25 mm<\/strong>. Espejo <strong>no se deforma con el tiempo<\/strong> y conserva su aspecto est\u00e9tico incluso en condiciones de alta humedad.<\/p>\n<h3>Tecnolog\u00eda LED fiable<\/h3>\n<p>La retroiluminaci\u00f3n LED se alimenta de <strong>tensi\u00f3n de seguridad de 12 V<\/strong> y dise\u00f1ado para una vida \u00fatil de hasta <strong>50.000 horas de funcionamiento estable<\/strong>.<\/p>\n<h3>Acabado y envasado<\/h3>\n<p>Los bordes del espejo pasan <strong>mecanizado profesional en \u00e1ngulos de 45\u00b0 y 90<\/strong>, que establece <strong>seguridad y aspecto cuidado<\/strong>. El juego incluye <strong>montaje y enchufe para comprobar el funcionamiento tras la recepci\u00f3n<\/strong>.<\/p>\n<h3>Producci\u00f3n y entrega individuales<\/h3>\n<p>Mironiks fabrica espejos <strong>individualmente por encargo<\/strong> con elecci\u00f3n de tama\u00f1o y configuraci\u00f3n. Para un transporte seguro, cada producto <strong>embalado en un marco de madera<\/strong>.<\/p>\n<p><strong>Espejo rectangular Mironiks con iluminaci\u00f3n LED de fondo y frontal, que puede encenderse por separado<\/strong> - es un acento funcional que <strong>acent\u00faa el espacio<\/strong> y <strong>completa el interior<\/strong>.<\/p>","protected":false},"excerpt":{"rendered":"<p>\u041f\u0440\u044f\u043c\u043e\u043a\u0443\u0442\u043d\u0435 \u0434\u0437\u0435\u0440\u043a\u0430\u043b\u043e Mironiks \u0437 \u0444\u043e\u043d\u043e\u0432\u043e\u044e \u0456 \u0444\u0440\u043e\u043d\u0442\u0430\u043b\u044c\u043d\u043e\u044e LED-\u043f\u0456\u0434\u0441\u0432\u0456\u0442\u043a\u043e\u044e, \u044f\u043a\u0456 \u0432\u043c\u0438\u043a\u0430\u044e\u0442\u044c\u0441\u044f \u043e\u043a\u0440\u0435\u043c\u043e \u041f\u0440\u044f\u043c\u043e\u043a\u0443\u0442\u043d\u0435 \u0434\u0437\u0435\u0440\u043a\u0430\u043b\u043e Mironiks \u0437 \u0444\u043e\u043d\u043e\u0432\u043e\u044e \u0456 \u0444\u0440\u043e\u043d\u0442\u0430\u043b\u044c\u043d\u043e\u044e LED-\u043f\u0456\u0434\u0441\u0432\u0456\u0442\u043a\u043e\u044e, \u044f\u043a\u0456<\/p>","protected":false},"featured_media":0,"comment_status":"closed","ping_status":"open","template":"","meta":{"_acf_changed":false},"product_brand":[],"product_cat":[18],"product_tag":[],"class_list":{"0":"post-12893","1":"product","2":"type-product","3":"status-publish","5":"product_cat-pryamokutni","6":"pa_kilkist-svitylnykiv-184","7":"pa_kolir-pidsvitky-holodnyj-7000-7500-k","8":"pa_kolir-pidsvitky-nejtralnyj-4000-4500-k","9":"pa_kolir-pidsvitky-teplyj-2700-3200-k","10":"pa_nayavnist-linzy-ni","11":"pa_nayavnist-polyczi-ni","12":"pa_nayavnist-vylky-tak","13":"pa_rozmir-shyryna-159","14":"pa_rozmir-vysota-181","15":"pa_roztashuvannya-pidsvitky-pozadu-dzerkala","16":"pa_tovshhyna-dzerkala-27-mm","17":"pa_typ-lampy-svitylnyka-svitodioidna","18":"pa_typ-svitylnyka-vbudovanyj","19":"pa_typ-vymykacha-vidsutnij","20":"pa_typ-vymykacha-mehanichna-knopka","21":"pa_typ-vymykacha-sensorna-knopka","22":"pa_zhyvlennya-vid-merezhi-zminnogo-strumu-220-v","24":"first","25":"instock","26":"purchasable","27":"product-type-variable"},"acf":[],"_links":{"self":[{"href":"https:\/\/mironiks.com\/es\/wp-json\/wp\/v2\/product\/12893","targetHints":{"allow":["GET"]}}],"collection":[{"href":"https:\/\/mironiks.com\/es\/wp-json\/wp\/v2\/product"}],"about":[{"href":"https:\/\/mironiks.com\/es\/wp-json\/wp\/v2\/types\/product"}],"replies":[{"embeddable":true,"href":"https:\/\/mironiks.com\/es\/wp-json\/wp\/v2\/comments?post=12893"}],"wp:attachment":[{"href":"https:\/\/mironiks.com\/es\/wp-json\/wp\/v2\/media?parent=12893"}],"wp:term":[{"taxonomy":"product_brand","embeddable":true,"href":"https:\/\/mironiks.com\/es\/wp-json\/wp\/v2\/product_brand?post=12893"},{"taxonomy":"product_cat","embeddable":true,"href":"https:\/\/mironiks.com\/es\/wp-json\/wp\/v2\/product_cat?post=12893"},{"taxonomy":"product_tag","embeddable":true,"href":"https:\/\/mironiks.com\/es\/wp-json\/wp\/v2\/product_tag?post=12893"}],"curies":[{"name":"wp","href":"https:\/\/api.w.org\/{rel}","templated":true}]}}