{"id":12763,"date":"2026-01-18T18:43:51","date_gmt":"2026-01-18T18:43:51","guid":{"rendered":"https:\/\/mironiks.com\/product\/krugle-dzerkalo-mironiks-z-fonovoyu-ta-frontalnoyu-led-pidsvitkoyu-yaki-vmykayutsya-okremo-500-x-500\/"},"modified":"2026-02-26T00:07:29","modified_gmt":"2026-02-26T00:07:29","slug":"krugle-dzerkalo-mironiks-con-fonovoy-y-frontalnoy-led-pidsvitkoy-yaki-vmykayutsya-okremo-500-x-500","status":"publish","type":"product","link":"https:\/\/mironiks.com\/es\/producto\/krugle-dzerkalo-mironiks-con-fonovoy-y-frontalnoy-led-pidsvitkoy-yaki-vmykayutsya-okremo-500-x-500\/","title":{"rendered":"Espejo redondo Mironiks con iluminaci\u00f3n LED de fondo y frontal, que puede encenderse por separado, 500 \u00d7 500"},"content":{"rendered":"<h2><b>Espejo redondo Mironiks con iluminaci\u00f3n LED de fondo y frontal, que puede encenderse por separado<\/b><\/h2>\n<p><span style=\"font-weight: 400;\">El espejo redondo Mironiks con iluminaci\u00f3n LED de fondo y frontal, que puede encenderse por separado, es una combinaci\u00f3n de est\u00e9tica moderna, dise\u00f1o cuidado y materiales de alta calidad, dise\u00f1ado para un uso diario c\u00f3modo en espacios residenciales y comerciales.<\/span><span style=\"font-weight: 400;\"><br \/>\n<\/span><span style=\"font-weight: 400;\"><br \/>\n<\/span><b>Soluci\u00f3n atmosf\u00e9rica y funcional<\/b><span style=\"font-weight: 400;\"><br \/>\n<\/span><span style=\"font-weight: 400;\">Dependiendo de la configuraci\u00f3n, el espejo proporciona una iluminaci\u00f3n LED de fondo suave, frontal clara o combinada que ilumina uniformemente el espacio y crea un ambiente confortable sin sombras duras.<\/span><span style=\"font-weight: 400;\"><br \/>\n<\/span><span style=\"font-weight: 400;\"><br \/>\n<\/span><b>Pa\u00f1o espejo seguro<\/b><span style=\"font-weight: 400;\"><br \/>\n<\/span><span style=\"font-weight: 400;\">La superficie de espejo utilizada es una tela de espejo con base de plata del fabricante belga AGC sin adici\u00f3n de cobre ni plomo. Esto garantiza un reflejo n\u00edtido, respeto por el medio ambiente y total seguridad para su uso en cuartos de ba\u00f1o y espacios habitables.<\/span><span style=\"font-weight: 400;\"><br \/>\n<\/span><span style=\"font-weight: 400;\"><br \/>\n<\/span><b>Dise\u00f1o robusto y perfil ultrafino<\/b><span style=\"font-weight: 400;\"><br \/>\n<\/span><span style=\"font-weight: 400;\">La base del espejo es un material de PVC resistente a la humedad, que permite crear una estructura ultrafina con un grosor de hasta 25 mm. El espejo no se deforma con el tiempo y conserva su aspecto est\u00e9tico incluso en condiciones de alta humedad.<\/span><span style=\"font-weight: 400;\"><br \/>\n<\/span><span style=\"font-weight: 400;\"><br \/>\n<\/span><b>Tecnolog\u00eda LED fiable<\/b><span style=\"font-weight: 400;\"><br \/>\n<\/span><span style=\"font-weight: 400;\">La retroiluminaci\u00f3n LED funciona con una tensi\u00f3n segura de 12 V y est\u00e1 dise\u00f1ada para durar hasta 50.000 horas de funcionamiento estable.<\/span><span style=\"font-weight: 400;\"><br \/>\n<\/span><span style=\"font-weight: 400;\"><br \/>\n<\/span><b>Acabado y envasado<\/b><span style=\"font-weight: 400;\"><br \/>\n<\/span><span style=\"font-weight: 400;\">Los bordes del espejo est\u00e1n mecanizados profesionalmente a 45\u00b0 y 90\u00b0 para garantizar la seguridad y un aspecto cuidado. El juego incluye un soporte y un tap\u00f3n para comprobar el funcionamiento al recibirlo.<\/span><span style=\"font-weight: 400;\"><br \/>\n<\/span><span style=\"font-weight: 400;\"><br \/>\n<\/span><b>Producci\u00f3n y entrega individuales<\/b><span style=\"font-weight: 400;\"><br \/>\n<\/span><span style=\"font-weight: 400;\">Mironiks fabrica espejos individualmente por encargo con la posibilidad de elegir el tama\u00f1o y el equipamiento. Cada producto se embala en un marco de madera para un transporte seguro.<\/span><span style=\"font-weight: 400;\"><br \/>\n<\/span><span style=\"font-weight: 400;\"><br \/>\n<\/span><span style=\"font-weight: 400;\">El espejo redondo Mironiks con iluminaci\u00f3n LED de fondo y frontal, que puede encenderse por separado, es un acento funcional que realza el espacio y completa el interior.<\/span><\/p>\n<p>&nbsp;<\/p>","protected":false},"excerpt":{"rendered":"<p>\u041a\u0440\u0443\u0433\u043b\u0435 \u0434\u0437\u0435\u0440\u043a\u0430\u043b\u043e Mironiks \u0437 \u0444\u043e\u043d\u043e\u0432\u043e\u044e \u0442\u0430 \u0444\u0440\u043e\u043d\u0442\u0430\u043b\u044c\u043d\u043e\u044e LED-\u043f\u0456\u0434\u0441\u0432\u0456\u0442\u043a\u043e\u044e, \u044f\u043a\u0456 \u0432\u043c\u0438\u043a\u0430\u044e\u0442\u044c\u0441\u044f \u043e\u043a\u0440\u0435\u043c\u043e \u041a\u0440\u0443\u0433\u043b\u0435 \u0434\u0437\u0435\u0440\u043a\u0430\u043b\u043e Mironiks \u0437 \u0444\u043e\u043d\u043e\u0432\u043e\u044e \u0442\u0430 \u0444\u0440\u043e\u043d\u0442\u0430\u043b\u044c\u043d\u043e\u044e LED-\u043f\u0456\u0434\u0441\u0432\u0456\u0442\u043a\u043e\u044e, \u044f\u043a\u0456<\/p>","protected":false},"featured_media":0,"comment_status":"closed","ping_status":"closed","template":"","meta":{"_acf_changed":false},"product_brand":[],"product_cat":[21],"product_tag":[],"class_list":{"0":"post-12763","1":"product","2":"type-product","3":"status-publish","5":"product_cat-krugli","6":"pa_kilkist-svitylnykiv-164","7":"pa_kolir-pidsvitky-holodnyj-7000-7500-k","8":"pa_kolir-pidsvitky-nejtralnyj-4000-4500-k","9":"pa_kolir-pidsvitky-teplyj-2700-3200-k","10":"pa_nayavnist-linzy-ni","11":"pa_nayavnist-polyczi-ni","12":"pa_nayavnist-vylky-tak","13":"pa_rozmir-shyryna-159","14":"pa_rozmir-vysota-160","15":"pa_roztashuvannya-pidsvitky-pozadu-dzerkala","16":"pa_tovshhyna-dzerkala-25-mm","17":"pa_typ-lampy-svitylnyka-svitodioidna","18":"pa_typ-svitylnyka-vbudovanyj","19":"pa_typ-vymykacha-vidsutnij","20":"pa_typ-vymykacha-mehanichna-knopka","21":"pa_typ-vymykacha-sensorna-knopka","22":"pa_zhyvlennya-vid-merezhi-zminnogo-strumu-220-v","24":"first","25":"instock","26":"purchasable","27":"product-type-variable"},"acf":[],"_links":{"self":[{"href":"https:\/\/mironiks.com\/es\/wp-json\/wp\/v2\/product\/12763","targetHints":{"allow":["GET"]}}],"collection":[{"href":"https:\/\/mironiks.com\/es\/wp-json\/wp\/v2\/product"}],"about":[{"href":"https:\/\/mironiks.com\/es\/wp-json\/wp\/v2\/types\/product"}],"replies":[{"embeddable":true,"href":"https:\/\/mironiks.com\/es\/wp-json\/wp\/v2\/comments?post=12763"}],"wp:attachment":[{"href":"https:\/\/mironiks.com\/es\/wp-json\/wp\/v2\/media?parent=12763"}],"wp:term":[{"taxonomy":"product_brand","embeddable":true,"href":"https:\/\/mironiks.com\/es\/wp-json\/wp\/v2\/product_brand?post=12763"},{"taxonomy":"product_cat","embeddable":true,"href":"https:\/\/mironiks.com\/es\/wp-json\/wp\/v2\/product_cat?post=12763"},{"taxonomy":"product_tag","embeddable":true,"href":"https:\/\/mironiks.com\/es\/wp-json\/wp\/v2\/product_tag?post=12763"}],"curies":[{"name":"wp","href":"https:\/\/api.w.org\/{rel}","templated":true}]}}