{"id":18394,"date":"2026-04-13T14:58:49","date_gmt":"2026-04-13T14:58:49","guid":{"rendered":"https:\/\/mironiks.com\/product\/kopiyadzerkalo-stone-u-formi-nepravylnogo-kola-z-fonovoyu-led-pidsvitkoyu-3\/"},"modified":"2026-04-13T14:59:48","modified_gmt":"2026-04-13T14:59:48","slug":"kopiyadzerkalo-stone-u-formi-nepravylnogo-kola-z-fonovoyu-led-pidsvitkoyu-3","status":"publish","type":"product","link":"https:\/\/mironiks.com\/de\/produkt\/kopiyadzerkalo-stone-u-formi-nepravylnogo-kola-z-fonovoyu-led-pidsvitkoyu-3\/","title":{"rendered":"(\u041a\u043e\u043f\u0456\u044f)\u0414\u0437\u0435\u0440\u043a\u0430\u043b\u043e &#8220;Stone&#8221; \u0443 \u0444\u043e\u0440\u043c\u0456 \u043d\u0435\u043f\u0440\u0430\u0432\u0438\u043b\u044c\u043d\u043e\u0433\u043e \u043a\u043e\u043b\u0430 \u0437 \u0444\u043e\u043d\u043e\u0432\u043e\u044e LED-\u043f\u0456\u0434\u0441\u0432\u0456\u0442\u043a\u043e\u044e"},"content":{"rendered":"<h2>\u0414\u0437\u0435\u0440\u043a\u0430\u043b\u043e &#8220;Stone&#8221; \u0443 \u0444\u043e\u0440\u043c\u0456 \u043d\u0435\u043f\u0440\u0430\u0432\u0438\u043b\u044c\u043d\u043e\u0433\u043e \u043a\u043e\u043b\u0430 \u0437 \u0444\u043e\u043d\u043e\u0432\u043e\u044e LED-\u043f\u0456\u0434\u0441\u0432\u0456\u0442\u043a\u043e\u044e<\/h2>\n<p><strong>\u0414\u0437\u0435\u0440\u043a\u0430\u043b\u043e &#8220;Stone&#8221; \u0443 \u0444\u043e\u0440\u043c\u0456 \u043d\u0435\u043f\u0440\u0430\u0432\u0438\u043b\u044c\u043d\u043e\u0433\u043e \u043a\u043e\u043b\u0430 \u0437 \u0444\u043e\u043d\u043e\u0432\u043e\u044e LED-\u043f\u0456\u0434\u0441\u0432\u0456\u0442\u043a\u043e\u044e<\/strong> - ist eine Kombination aus moderner \u00c4sthetik, durchdachtem Design und hochwertigen Materialien, geschaffen f\u00fcr den komfortablen t\u00e4glichen Gebrauch in <strong>Wohn- und Gesch\u00e4ftsr\u00e4ume<\/strong>.<\/p>\n<h3>Atmosph\u00e4rische und funktionale L\u00f6sung<\/h3>\n<p>\u0414\u0437\u0435\u0440\u043a\u0430\u043b\u043e \u0437\u0430\u0431\u0435\u0437\u043f\u0435\u0447\u0443\u0454 <strong>\u043c\u2019\u044f\u043a\u0435 \u0444\u043e\u043d\u043e\u0432\u0435 LED-\u043e\u0441\u0432\u0456\u0442\u043b\u0435\u043d\u043d\u044f<\/strong>, \u044f\u043a\u0435 \u0440\u0456\u0432\u043d\u043e\u043c\u0456\u0440\u043d\u043e \u043f\u0456\u0434\u0441\u0432\u0456\u0447\u0443\u0454 \u043f\u0440\u043e\u0441\u0442\u0456\u0440 \u0442\u0430 \u0441\u0442\u0432\u043e\u0440\u044e\u0454 <strong>\u043a\u043e\u043c\u0444\u043e\u0440\u0442\u043d\u0443 \u0430\u0442\u043c\u043e\u0441\u0444\u0435\u0440\u0443 \u0431\u0435\u0437 \u0440\u0456\u0437\u043a\u0438\u0445 \u0442\u0456\u043d\u0435\u0439<\/strong>, \u043f\u0456\u0434\u043a\u0440\u0435\u0441\u043b\u044e\u044e\u0447\u0438 \u043f\u0440\u0438\u0440\u043e\u0434\u043d\u0443 \u0444\u043e\u0440\u043c\u0443 \u043c\u043e\u0434\u0435\u043b\u0456 Stone.<\/p>\n<h3>Sicheres Spiegeltuch<\/h3>\n<p>Verwendet von. <strong>Spiegelgewebe auf Silberbasis von dem belgischen Hersteller AGC<\/strong> ohne den Zusatz von Kupfer und Blei. Dies garantiert <strong>klare Anzeige, Umweltfreundlichkeit und vollst\u00e4ndige Sicherheit<\/strong> zur Verwendung in Badezimmern und Wohnr\u00e4umen.<\/p>\n<h3>Robustes Design und extrem schlankes Profil<\/h3>\n<p>Die Basis des Spiegels ist <strong>feuchtigkeitsbest\u00e4ndiges PVC-Material<\/strong>, die es Ihnen erm\u00f6glicht, die <strong>ultrad\u00fcnnes Design mit einer Dicke von bis zu 25 mm<\/strong>. Spiegel <strong>verformt sich nicht mit der Zeit<\/strong> und beh\u00e4lt sein \u00e4sthetisches Aussehen auch bei hoher Luftfeuchtigkeit.<\/p>\n<h3>Zuverl\u00e4ssige LED-Technologie<\/h3>\n<p>Die LED-Hintergrundbeleuchtung wird durch <strong>sichere Spannung von 12 V<\/strong> und ausgelegt f\u00fcr eine Lebensdauer von bis zu <strong>50.000 Stunden stabiler Betrieb<\/strong>.<\/p>\n<h3>Veredelung und Verpackung<\/h3>\n<p>Die Kanten des Spiegels passieren <strong>professionelle Bearbeitung im 45\u00b0- und 90\u00b0-Winkel<\/strong>, die Folgendes vorsieht <strong>Sicherheit und gepflegtes Erscheinungsbild<\/strong>. Das Set umfasst <strong>Halterung und Stecker, um den Betrieb nach Erhalt zu \u00fcberpr\u00fcfen<\/strong>.<\/p>\n<h3>Individuelle Produktion und Lieferung<\/h3>\n<p>Mironiks stellt Spiegel her <strong>individuell zu bestellen<\/strong> mit einer Auswahl an Gr\u00f6\u00dfen und Konfigurationen. F\u00fcr einen sicheren Transport ist jedes Produkt <strong>verpackt in einem Holzrahmen<\/strong>.<\/p>\n<p><strong>\u0414\u0437\u0435\u0440\u043a\u0430\u043b\u043e &#8220;Stone&#8221; \u0443 \u0444\u043e\u0440\u043c\u0456 \u043d\u0435\u043f\u0440\u0430\u0432\u0438\u043b\u044c\u043d\u043e\u0433\u043e \u043a\u043e\u043b\u0430 \u0437 \u0444\u043e\u043d\u043e\u0432\u043e\u044e LED-\u043f\u0456\u0434\u0441\u0432\u0456\u0442\u043a\u043e\u044e<\/strong> - ist ein funktionaler Akzent, der <strong>hebt den Raum hervor<\/strong> und <strong>vervollst\u00e4ndigt das Interieur<\/strong>.<\/p>","protected":false},"excerpt":{"rendered":"<p>\u0414\u0437\u0435\u0440\u043a\u0430\u043b\u043e &#8220;Stone&#8221; \u0443 \u0444\u043e\u0440\u043c\u0456 \u043d\u0435\u043f\u0440\u0430\u0432\u0438\u043b\u044c\u043d\u043e\u0433\u043e \u043a\u043e\u043b\u0430 \u0437 \u0444\u043e\u043d\u043e\u0432\u043e\u044e LED-\u043f\u0456\u0434\u0441\u0432\u0456\u0442\u043a\u043e\u044e \u0414\u0437\u0435\u0440\u043a\u0430\u043b\u043e &#8220;Stone&#8221; \u0443 \u0444\u043e\u0440\u043c\u0456 \u043d\u0435\u043f\u0440\u0430\u0432\u0438\u043b\u044c\u043d\u043e\u0433\u043e \u043a\u043e\u043b\u0430 \u0437 \u0444\u043e\u043d\u043e\u0432\u043e\u044e LED-\u043f\u0456\u0434\u0441\u0432\u0456\u0442\u043a\u043e\u044e \u2014 \u0446\u0435<\/p>","protected":false},"featured_media":0,"comment_status":"closed","ping_status":"closed","template":"","meta":{"_acf_changed":false},"product_brand":[],"product_cat":[21],"product_tag":[],"class_list":{"0":"post-18394","1":"product","2":"type-product","3":"status-publish","5":"product_cat-krugli","6":"pa_kolir-pidsvitky-holodnyj-7000-7500-k","7":"pa_kolir-pidsvitky-nejtralnyj-4000-4500-k","8":"pa_kolir-pidsvitky-teplyj-2700-3200-k","9":"pa_nayavnist-linzy-ni","10":"pa_nayavnist-polyczi-ni","11":"pa_nayavnist-vylky-tak","12":"pa_rozmir-shyryna-159","13":"pa_rozmir-shyryna-174","14":"pa_rozmir-shyryna-203","15":"pa_rozmir-shyryna-177","16":"pa_rozmir-shyryna-180","17":"pa_rozmir-vysota-160","18":"pa_rozmir-vysota-175","19":"pa_rozmir-vysota-205","20":"pa_rozmir-vysota-178","21":"pa_rozmir-vysota-181","22":"pa_typ-lampy-svitylnyka-svitodioidna","23":"pa_typ-vymykacha-vidsutnij","24":"pa_typ-vymykacha-mehanichna-knopka","25":"pa_typ-vymykacha-sensorna-knopka","26":"pa_zhyvlennya-vid-merezhi-zminnogo-strumu-220-v","28":"first","29":"instock","30":"purchasable","31":"product-type-variable"},"acf":[],"_links":{"self":[{"href":"https:\/\/mironiks.com\/de\/wp-json\/wp\/v2\/product\/18394","targetHints":{"allow":["GET"]}}],"collection":[{"href":"https:\/\/mironiks.com\/de\/wp-json\/wp\/v2\/product"}],"about":[{"href":"https:\/\/mironiks.com\/de\/wp-json\/wp\/v2\/types\/product"}],"replies":[{"embeddable":true,"href":"https:\/\/mironiks.com\/de\/wp-json\/wp\/v2\/comments?post=18394"}],"wp:attachment":[{"href":"https:\/\/mironiks.com\/de\/wp-json\/wp\/v2\/media?parent=18394"}],"wp:term":[{"taxonomy":"product_brand","embeddable":true,"href":"https:\/\/mironiks.com\/de\/wp-json\/wp\/v2\/product_brand?post=18394"},{"taxonomy":"product_cat","embeddable":true,"href":"https:\/\/mironiks.com\/de\/wp-json\/wp\/v2\/product_cat?post=18394"},{"taxonomy":"product_tag","embeddable":true,"href":"https:\/\/mironiks.com\/de\/wp-json\/wp\/v2\/product_tag?post=18394"}],"curies":[{"name":"wp","href":"https:\/\/api.w.org\/{rel}","templated":true}]}}