{"id":12893,"date":"2026-01-18T19:18:34","date_gmt":"2026-01-18T19:18:34","guid":{"rendered":"https:\/\/mironiks.com\/product\/pryamokutne-dzerkalo-mironiks-z-fonovoyu-i-frontalnoyu-led-pidsvitkoyu-yaki-vmykayutsya-okremo-500-x-800\/"},"modified":"2026-01-25T20:57:30","modified_gmt":"2026-01-25T20:57:30","slug":"pryamokutne-dzerkalo-mironiks-z-fonovoyu-i-frontalnoyu-led-pidsvitkoyu-yaki-vmykayutsya-okremo-500-x-800","status":"publish","type":"product","link":"https:\/\/mironiks.com\/de\/produkt\/pryamokutne-dzerkalo-mironiks-z-fonovoyu-i-frontalnoyu-led-pidsvitkoyu-yaki-vmykayutsya-okremo-500-x-800\/","title":{"rendered":"Rechteckige Spiegel Mironiks mit Hintergrund- und Front-LED-Beleuchtung, die separat eingeschaltet werden, 500 \u00d7 800"},"content":{"rendered":"<h2>\u041f\u0440\u044f\u043c\u043e\u043a\u0443\u0442\u043d\u0435 \u0434\u0437\u0435\u0440\u043a\u0430\u043b\u043e Mironiks \u0437 \u0444\u043e\u043d\u043e\u0432\u043e\u044e \u0456 \u0444\u0440\u043e\u043d\u0442\u0430\u043b\u044c\u043d\u043e\u044e LED-\u043f\u0456\u0434\u0441\u0432\u0456\u0442\u043a\u043e\u044e, \u044f\u043a\u0456 \u0432\u043c\u0438\u043a\u0430\u044e\u0442\u044c\u0441\u044f \u043e\u043a\u0440\u0435\u043c\u043e<\/h2>\n<p><strong>\u041f\u0440\u044f\u043c\u043e\u043a\u0443\u0442\u043d\u0435 \u0434\u0437\u0435\u0440\u043a\u0430\u043b\u043e Mironiks \u0437 \u0444\u043e\u043d\u043e\u0432\u043e\u044e \u0456 \u0444\u0440\u043e\u043d\u0442\u0430\u043b\u044c\u043d\u043e\u044e LED-\u043f\u0456\u0434\u0441\u0432\u0456\u0442\u043a\u043e\u044e, \u044f\u043a\u0456 \u0432\u043c\u0438\u043a\u0430\u044e\u0442\u044c\u0441\u044f \u043e\u043a\u0440\u0435\u043c\u043e<\/strong> - ist eine Kombination aus moderner \u00c4sthetik, durchdachtem Design und hochwertigen Materialien, geschaffen f\u00fcr den komfortablen t\u00e4glichen Gebrauch in <strong>Wohn- und Gesch\u00e4ftsr\u00e4ume<\/strong>.<\/p>\n<h3>Atmosph\u00e4rische und funktionale L\u00f6sung<\/h3>\n<p>\u0417\u0430\u043b\u0435\u0436\u043d\u043e \u0432\u0456\u0434 \u043a\u043e\u043c\u043f\u043b\u0435\u043a\u0442\u0430\u0446\u0456\u0457, \u0434\u0437\u0435\u0440\u043a\u0430\u043b\u043e \u0437\u0430\u0431\u0435\u0437\u043f\u0435\u0447\u0443\u0454 <strong>\u043c\u2019\u044f\u043a\u0435 \u0444\u043e\u043d\u043e\u0432\u0435, \u0447\u0456\u0442\u043a\u0435 \u0444\u0440\u043e\u043d\u0442\u0430\u043b\u044c\u043d\u0435 \u0430\u0431\u043e \u043a\u043e\u043c\u0431\u0456\u043d\u043e\u0432\u0430\u043d\u0435 LED-\u043e\u0441\u0432\u0456\u0442\u043b\u0435\u043d\u043d\u044f<\/strong>, \u044f\u043a\u0435 \u0440\u0456\u0432\u043d\u043e\u043c\u0456\u0440\u043d\u043e \u043f\u0456\u0434\u0441\u0432\u0456\u0447\u0443\u0454 \u043f\u0440\u043e\u0441\u0442\u0456\u0440 \u0442\u0430 \u0441\u0442\u0432\u043e\u0440\u044e\u0454 <strong>\u043a\u043e\u043c\u0444\u043e\u0440\u0442\u043d\u0456 \u0443\u043c\u043e\u0432\u0438 \u0431\u0435\u0437 \u0440\u0456\u0437\u043a\u0438\u0445 \u0442\u0456\u043d\u0435\u0439<\/strong>.<\/p>\n<h3>Sicheres Spiegeltuch<\/h3>\n<p>Verwendet von. <strong>Spiegelgewebe auf Silberbasis von dem belgischen Hersteller AGC<\/strong> ohne den Zusatz von Kupfer und Blei. Dies garantiert <strong>klare Anzeige, Umweltfreundlichkeit und vollst\u00e4ndige Sicherheit<\/strong> zur Verwendung in Badezimmern und Wohnr\u00e4umen.<\/p>\n<h3>Robustes Design und extrem schlankes Profil<\/h3>\n<p>Die Basis des Spiegels ist <strong>feuchtigkeitsbest\u00e4ndiges PVC-Material<\/strong>, die es Ihnen erm\u00f6glicht, die <strong>ultrad\u00fcnnes Design mit einer Dicke von bis zu 25 mm<\/strong>. Spiegel <strong>verformt sich nicht mit der Zeit<\/strong> und beh\u00e4lt sein \u00e4sthetisches Aussehen auch bei hoher Luftfeuchtigkeit.<\/p>\n<h3>Zuverl\u00e4ssige LED-Technologie<\/h3>\n<p>Die LED-Hintergrundbeleuchtung wird durch <strong>sichere Spannung von 12 V<\/strong> und ausgelegt f\u00fcr eine Lebensdauer von bis zu <strong>50.000 Stunden stabiler Betrieb<\/strong>.<\/p>\n<h3>Veredelung und Verpackung<\/h3>\n<p>Die Kanten des Spiegels passieren <strong>professionelle Bearbeitung im 45\u00b0- und 90\u00b0-Winkel<\/strong>, die Folgendes vorsieht <strong>Sicherheit und gepflegtes Erscheinungsbild<\/strong>. Das Set umfasst <strong>Halterung und Stecker, um den Betrieb nach Erhalt zu \u00fcberpr\u00fcfen<\/strong>.<\/p>\n<h3>Individuelle Produktion und Lieferung<\/h3>\n<p>Mironiks stellt Spiegel her <strong>individuell zu bestellen<\/strong> mit einer Auswahl an Gr\u00f6\u00dfen und Konfigurationen. F\u00fcr einen sicheren Transport ist jedes Produkt <strong>verpackt in einem Holzrahmen<\/strong>.<\/p>\n<p><strong>\u041f\u0440\u044f\u043c\u043e\u043a\u0443\u0442\u043d\u0435 \u0434\u0437\u0435\u0440\u043a\u0430\u043b\u043e Mironiks \u0437 \u0444\u043e\u043d\u043e\u0432\u043e\u044e \u0456 \u0444\u0440\u043e\u043d\u0442\u0430\u043b\u044c\u043d\u043e\u044e LED-\u043f\u0456\u0434\u0441\u0432\u0456\u0442\u043a\u043e\u044e, \u044f\u043a\u0456 \u0432\u043c\u0438\u043a\u0430\u044e\u0442\u044c\u0441\u044f \u043e\u043a\u0440\u0435\u043c\u043e<\/strong> - ist ein funktionaler Akzent, der <strong>hebt den Raum hervor<\/strong> und <strong>vervollst\u00e4ndigt das Interieur<\/strong>.<\/p>","protected":false},"excerpt":{"rendered":"<p>\u041f\u0440\u044f\u043c\u043e\u043a\u0443\u0442\u043d\u0435 \u0434\u0437\u0435\u0440\u043a\u0430\u043b\u043e Mironiks \u0437 \u0444\u043e\u043d\u043e\u0432\u043e\u044e \u0456 \u0444\u0440\u043e\u043d\u0442\u0430\u043b\u044c\u043d\u043e\u044e LED-\u043f\u0456\u0434\u0441\u0432\u0456\u0442\u043a\u043e\u044e, \u044f\u043a\u0456 \u0432\u043c\u0438\u043a\u0430\u044e\u0442\u044c\u0441\u044f \u043e\u043a\u0440\u0435\u043c\u043e \u041f\u0440\u044f\u043c\u043e\u043a\u0443\u0442\u043d\u0435 \u0434\u0437\u0435\u0440\u043a\u0430\u043b\u043e Mironiks \u0437 \u0444\u043e\u043d\u043e\u0432\u043e\u044e \u0456 \u0444\u0440\u043e\u043d\u0442\u0430\u043b\u044c\u043d\u043e\u044e LED-\u043f\u0456\u0434\u0441\u0432\u0456\u0442\u043a\u043e\u044e, \u044f\u043a\u0456<\/p>","protected":false},"featured_media":0,"comment_status":"closed","ping_status":"open","template":"","meta":{"_acf_changed":false},"product_brand":[],"product_cat":[18],"product_tag":[],"class_list":{"0":"post-12893","1":"product","2":"type-product","3":"status-publish","5":"product_cat-pryamokutni","6":"pa_kilkist-svitylnykiv-184","7":"pa_kolir-pidsvitky-holodnyj-7000-7500-k","8":"pa_kolir-pidsvitky-nejtralnyj-4000-4500-k","9":"pa_kolir-pidsvitky-teplyj-2700-3200-k","10":"pa_nayavnist-linzy-ni","11":"pa_nayavnist-polyczi-ni","12":"pa_nayavnist-vylky-tak","13":"pa_rozmir-shyryna-159","14":"pa_rozmir-vysota-181","15":"pa_roztashuvannya-pidsvitky-pozadu-dzerkala","16":"pa_tovshhyna-dzerkala-27-mm","17":"pa_typ-lampy-svitylnyka-svitodioidna","18":"pa_typ-svitylnyka-vbudovanyj","19":"pa_typ-vymykacha-vidsutnij","20":"pa_typ-vymykacha-mehanichna-knopka","21":"pa_typ-vymykacha-sensorna-knopka","22":"pa_zhyvlennya-vid-merezhi-zminnogo-strumu-220-v","24":"first","25":"instock","26":"purchasable","27":"product-type-variable"},"acf":[],"_links":{"self":[{"href":"https:\/\/mironiks.com\/de\/wp-json\/wp\/v2\/product\/12893","targetHints":{"allow":["GET"]}}],"collection":[{"href":"https:\/\/mironiks.com\/de\/wp-json\/wp\/v2\/product"}],"about":[{"href":"https:\/\/mironiks.com\/de\/wp-json\/wp\/v2\/types\/product"}],"replies":[{"embeddable":true,"href":"https:\/\/mironiks.com\/de\/wp-json\/wp\/v2\/comments?post=12893"}],"wp:attachment":[{"href":"https:\/\/mironiks.com\/de\/wp-json\/wp\/v2\/media?parent=12893"}],"wp:term":[{"taxonomy":"product_brand","embeddable":true,"href":"https:\/\/mironiks.com\/de\/wp-json\/wp\/v2\/product_brand?post=12893"},{"taxonomy":"product_cat","embeddable":true,"href":"https:\/\/mironiks.com\/de\/wp-json\/wp\/v2\/product_cat?post=12893"},{"taxonomy":"product_tag","embeddable":true,"href":"https:\/\/mironiks.com\/de\/wp-json\/wp\/v2\/product_tag?post=12893"}],"curies":[{"name":"wp","href":"https:\/\/api.w.org\/{rel}","templated":true}]}}