{"id":12763,"date":"2026-01-18T18:43:51","date_gmt":"2026-01-18T18:43:51","guid":{"rendered":"https:\/\/mironiks.com\/product\/krugle-dzerkalo-mironiks-z-fonovoyu-ta-frontalnoyu-led-pidsvitkoyu-yaki-vmykayutsya-okremo-500-x-500\/"},"modified":"2026-02-26T00:07:29","modified_gmt":"2026-02-26T00:07:29","slug":"krugle-dzerkalo-mironiks-z-fonovoyu-ta-frontalnoyu-led-pidsvitkoyu-yaki-vmykayutsya-okremo-500-x-500","status":"publish","type":"product","link":"https:\/\/mironiks.com\/de\/produkt\/krugle-dzerkalo-mironiks-z-fonovoyu-ta-frontalnoyu-led-pidsvitkoyu-yaki-vmykayutsya-okremo-500-x-500\/","title":{"rendered":"Mironiks Rundspiegel mit separat zuschaltbarer LED-Hintergrund- und Frontbeleuchtung, 500 \u00d7 500"},"content":{"rendered":"<h2><b>\u041a\u0440\u0443\u0433\u043b\u0435 \u0434\u0437\u0435\u0440\u043a\u0430\u043b\u043e Mironiks \u0437 \u0444\u043e\u043d\u043e\u0432\u043e\u044e \u0442\u0430 \u0444\u0440\u043e\u043d\u0442\u0430\u043b\u044c\u043d\u043e\u044e LED-\u043f\u0456\u0434\u0441\u0432\u0456\u0442\u043a\u043e\u044e, \u044f\u043a\u0456 \u0432\u043c\u0438\u043a\u0430\u044e\u0442\u044c\u0441\u044f \u043e\u043a\u0440\u0435\u043c\u043e<\/b><\/h2>\n<p><span style=\"font-weight: 400;\">\u041a\u0440\u0443\u0433\u043b\u0435 \u0434\u0437\u0435\u0440\u043a\u0430\u043b\u043e Mironiks \u0437 \u0444\u043e\u043d\u043e\u0432\u043e\u044e \u0442\u0430 \u0444\u0440\u043e\u043d\u0442\u0430\u043b\u044c\u043d\u043e\u044e LED-\u043f\u0456\u0434\u0441\u0432\u0456\u0442\u043a\u043e\u044e, \u044f\u043a\u0456 \u0432\u043c\u0438\u043a\u0430\u044e\u0442\u044c\u0441\u044f \u043e\u043a\u0440\u0435\u043c\u043e \u2014 \u0446\u0435 \u043f\u043e\u0454\u0434\u043d\u0430\u043d\u043d\u044f \u0441\u0443\u0447\u0430\u0441\u043d\u043e\u0457 \u0435\u0441\u0442\u0435\u0442\u0438\u043a\u0438, \u043f\u0440\u043e\u0434\u0443\u043c\u0430\u043d\u043e\u0457 \u043a\u043e\u043d\u0441\u0442\u0440\u0443\u043a\u0446\u0456\u0457 \u0442\u0430 \u044f\u043a\u0456\u0441\u043d\u0438\u0445 \u043c\u0430\u0442\u0435\u0440\u0456\u0430\u043b\u0456\u0432, \u0441\u0442\u0432\u043e\u0440\u0435\u043d\u0435 \u0434\u043b\u044f \u043a\u043e\u043c\u0444\u043e\u0440\u0442\u043d\u043e\u0433\u043e \u0449\u043e\u0434\u0435\u043d\u043d\u043e\u0433\u043e \u0432\u0438\u043a\u043e\u0440\u0438\u0441\u0442\u0430\u043d\u043d\u044f \u0443 \u0436\u0438\u0442\u043b\u043e\u0432\u0438\u0445 \u0442\u0430 \u043a\u043e\u043c\u0435\u0440\u0446\u0456\u0439\u043d\u0438\u0445 \u043f\u0440\u043e\u0441\u0442\u043e\u0440\u0430\u0445.<\/span><span style=\"font-weight: 400;\"><br \/>\n<\/span><span style=\"font-weight: 400;\"><br \/>\n<\/span><b>Atmosph\u00e4rische und funktionale L\u00f6sung<\/b><span style=\"font-weight: 400;\"><br \/>\n<\/span><span style=\"font-weight: 400;\">Je nach Konfiguration bietet der Spiegel eine weiche Hintergrund-, klare Frontal- oder kombinierte LED-Beleuchtung, die den Raum gleichm\u00e4\u00dfig ausleuchtet und eine angenehme Umgebung ohne harte Schatten schafft.<\/span><span style=\"font-weight: 400;\"><br \/>\n<\/span><span style=\"font-weight: 400;\"><br \/>\n<\/span><b>Sicheres Spiegeltuch<\/b><span style=\"font-weight: 400;\"><br \/>\n<\/span><span style=\"font-weight: 400;\">Bei der verwendeten Spiegeloberfl\u00e4che handelt es sich um ein silberbasiertes Spiegeltuch des belgischen Herstellers AGC ohne Zusatz von Kupfer und Blei. Dies garantiert ein klares Spiegelbild, Umweltfreundlichkeit und absolute Sicherheit f\u00fcr den Einsatz in Badezimmern und Wohnr\u00e4umen.<\/span><span style=\"font-weight: 400;\"><br \/>\n<\/span><span style=\"font-weight: 400;\"><br \/>\n<\/span><b>Robustes Design und extrem schlankes Profil<\/b><span style=\"font-weight: 400;\"><br \/>\n<\/span><span style=\"font-weight: 400;\">Die Basis des Spiegels ist ein feuchtigkeitsbest\u00e4ndiges PVC-Material, das es Ihnen erm\u00f6glicht, eine ultrad\u00fcnne Struktur mit einer Dicke von bis zu 25 mm zu schaffen. Der Spiegel verformt sich im Laufe der Zeit nicht und beh\u00e4lt sein \u00e4sthetisches Aussehen auch bei hoher Luftfeuchtigkeit.<\/span><span style=\"font-weight: 400;\"><br \/>\n<\/span><span style=\"font-weight: 400;\"><br \/>\n<\/span><b>Zuverl\u00e4ssige LED-Technologie<\/b><span style=\"font-weight: 400;\"><br \/>\n<\/span><span style=\"font-weight: 400;\">Die LED-Hintergrundbeleuchtung wird mit einer sicheren Spannung von 12 V betrieben und ist f\u00fcr eine stabile Betriebsdauer von bis zu 50.000 Stunden ausgelegt.<\/span><span style=\"font-weight: 400;\"><br \/>\n<\/span><span style=\"font-weight: 400;\"><br \/>\n<\/span><b>Veredelung und Verpackung<\/b><span style=\"font-weight: 400;\"><br \/>\n<\/span><span style=\"font-weight: 400;\">Die Kanten des Spiegels sind professionell im 45\u00b0- und 90\u00b0-Winkel gefr\u00e4st, um Sicherheit und ein sauberes Aussehen zu gew\u00e4hrleisten. Das Set enth\u00e4lt eine Halterung und einen Stecker, um den Betrieb bei Erhalt zu \u00fcberpr\u00fcfen.<\/span><span style=\"font-weight: 400;\"><br \/>\n<\/span><span style=\"font-weight: 400;\"><br \/>\n<\/span><b>Individuelle Produktion und Lieferung<\/b><span style=\"font-weight: 400;\"><br \/>\n<\/span><span style=\"font-weight: 400;\">Mironiks fertigt Spiegel individuell auf Bestellung mit einer Auswahl an Gr\u00f6\u00dfe und Ausstattung. Jedes Produkt ist in einem Holzrahmen f\u00fcr den sicheren Transport verpackt.<\/span><span style=\"font-weight: 400;\"><br \/>\n<\/span><span style=\"font-weight: 400;\"><br \/>\n<\/span><span style=\"font-weight: 400;\">\u041a\u0440\u0443\u0433\u043b\u0435 \u0434\u0437\u0435\u0440\u043a\u0430\u043b\u043e Mironiks \u0437 \u0444\u043e\u043d\u043e\u0432\u043e\u044e \u0442\u0430 \u0444\u0440\u043e\u043d\u0442\u0430\u043b\u044c\u043d\u043e\u044e LED-\u043f\u0456\u0434\u0441\u0432\u0456\u0442\u043a\u043e\u044e \u044f\u043a\u0456 \u0432\u043c\u0438\u043a\u0430\u044e\u0442\u044c\u0441\u044f \u043e\u043a\u0440\u0435\u043c\u043e \u2014 \u0446\u0435 \u0444\u0443\u043d\u043a\u0446\u0456\u043e\u043d\u0430\u043b\u044c\u043d\u0438\u0439 \u0430\u043a\u0446\u0435\u043d\u0442, \u044f\u043a\u0438\u0439 \u043f\u0456\u0434\u043a\u0440\u0435\u0441\u043b\u044e\u0454 \u043f\u0440\u043e\u0441\u0442\u0456\u0440 \u0442\u0430 \u0434\u043e\u0434\u0430\u0454 \u0456\u043d\u0442\u0435\u0440\u2019\u0454\u0440\u0443 \u0437\u0430\u0432\u0435\u0440\u0448\u0435\u043d\u043e\u0441\u0442\u0456.<\/span><\/p>\n<p>&nbsp;<\/p>","protected":false},"excerpt":{"rendered":"<p>\u041a\u0440\u0443\u0433\u043b\u0435 \u0434\u0437\u0435\u0440\u043a\u0430\u043b\u043e Mironiks \u0437 \u0444\u043e\u043d\u043e\u0432\u043e\u044e \u0442\u0430 \u0444\u0440\u043e\u043d\u0442\u0430\u043b\u044c\u043d\u043e\u044e LED-\u043f\u0456\u0434\u0441\u0432\u0456\u0442\u043a\u043e\u044e, \u044f\u043a\u0456 \u0432\u043c\u0438\u043a\u0430\u044e\u0442\u044c\u0441\u044f \u043e\u043a\u0440\u0435\u043c\u043e \u041a\u0440\u0443\u0433\u043b\u0435 \u0434\u0437\u0435\u0440\u043a\u0430\u043b\u043e Mironiks \u0437 \u0444\u043e\u043d\u043e\u0432\u043e\u044e \u0442\u0430 \u0444\u0440\u043e\u043d\u0442\u0430\u043b\u044c\u043d\u043e\u044e LED-\u043f\u0456\u0434\u0441\u0432\u0456\u0442\u043a\u043e\u044e, \u044f\u043a\u0456<\/p>","protected":false},"featured_media":0,"comment_status":"closed","ping_status":"closed","template":"","meta":{"_acf_changed":false},"product_brand":[],"product_cat":[21],"product_tag":[],"class_list":{"0":"post-12763","1":"product","2":"type-product","3":"status-publish","5":"product_cat-krugli","6":"pa_kilkist-svitylnykiv-164","7":"pa_kolir-pidsvitky-holodnyj-7000-7500-k","8":"pa_kolir-pidsvitky-nejtralnyj-4000-4500-k","9":"pa_kolir-pidsvitky-teplyj-2700-3200-k","10":"pa_nayavnist-linzy-ni","11":"pa_nayavnist-polyczi-ni","12":"pa_nayavnist-vylky-tak","13":"pa_rozmir-shyryna-159","14":"pa_rozmir-vysota-160","15":"pa_roztashuvannya-pidsvitky-pozadu-dzerkala","16":"pa_tovshhyna-dzerkala-25-mm","17":"pa_typ-lampy-svitylnyka-svitodioidna","18":"pa_typ-svitylnyka-vbudovanyj","19":"pa_typ-vymykacha-vidsutnij","20":"pa_typ-vymykacha-mehanichna-knopka","21":"pa_typ-vymykacha-sensorna-knopka","22":"pa_zhyvlennya-vid-merezhi-zminnogo-strumu-220-v","24":"first","25":"instock","26":"purchasable","27":"product-type-variable"},"acf":[],"_links":{"self":[{"href":"https:\/\/mironiks.com\/de\/wp-json\/wp\/v2\/product\/12763","targetHints":{"allow":["GET"]}}],"collection":[{"href":"https:\/\/mironiks.com\/de\/wp-json\/wp\/v2\/product"}],"about":[{"href":"https:\/\/mironiks.com\/de\/wp-json\/wp\/v2\/types\/product"}],"replies":[{"embeddable":true,"href":"https:\/\/mironiks.com\/de\/wp-json\/wp\/v2\/comments?post=12763"}],"wp:attachment":[{"href":"https:\/\/mironiks.com\/de\/wp-json\/wp\/v2\/media?parent=12763"}],"wp:term":[{"taxonomy":"product_brand","embeddable":true,"href":"https:\/\/mironiks.com\/de\/wp-json\/wp\/v2\/product_brand?post=12763"},{"taxonomy":"product_cat","embeddable":true,"href":"https:\/\/mironiks.com\/de\/wp-json\/wp\/v2\/product_cat?post=12763"},{"taxonomy":"product_tag","embeddable":true,"href":"https:\/\/mironiks.com\/de\/wp-json\/wp\/v2\/product_tag?post=12763"}],"curies":[{"name":"wp","href":"https:\/\/api.w.org\/{rel}","templated":true}]}}